{"id":2102,"date":"2024-07-23T07:04:58","date_gmt":"2024-07-23T07:04:58","guid":{"rendered":"https:\/\/july.finestwp.com\/newwp\/jobaway\/?page_id=2102"},"modified":"2025-10-21T15:06:26","modified_gmt":"2025-10-21T15:06:26","slug":"apliko","status":"publish","type":"page","link":"https:\/\/optivus-solutions.com\/?page_id=2102","title":{"rendered":"Apliko"},"content":{"rendered":"\t\t<div data-elementor-type=\"wp-page\" data-elementor-id=\"2102\" class=\"elementor elementor-2102\">\n\t\t\t\t<div class=\"elementor-element elementor-element-4cb989d e-flex e-con-boxed e-con e-parent\" data-id=\"4cb989d\" data-element_type=\"container\" data-e-type=\"container\">\n\t\t\t\t\t<div class=\"e-con-inner\">\n\t\t<div class=\"elementor-element elementor-element-f8c9e94 e-con-full e-flex e-con e-child\" data-id=\"f8c9e94\" data-element_type=\"container\" data-e-type=\"container\">\n\t\t\t\t<div class=\"elementor-element elementor-element-524f346 elementor-widget elementor-widget-jobaway_hero_title\" data-id=\"524f346\" data-element_type=\"widget\" data-e-type=\"widget\" data-widget_type=\"jobaway_hero_title.default\">\n\t\t\t\t<div class=\"elementor-widget-container\">\n\t\t\t\t\t    \r\n    <div class=\"sec-title build-title-wrap te-box-title sec-title-animation animation-style2\">\r\n        \t\t<span class=\"sub-title title-animation te-bn-subtitle\">Na duhen talent\u00eb<\/span>        \t\r\n        <h2 class=\"te-bn-title title-animation jobaway-size-default\">N\u00eb k\u00ebrkim t\u00eb profesionist\u00ebve t\u00eb talentuar<\/h2>                <div class=\"text-box te-bn-text\">\r\n            <p>Optivus Solutions \u00ebsht\u00eb gjithmon\u00eb n\u00eb k\u00ebrkim t\u00eb talent\u00ebve t\u00eb fushave t\u00eb ndryshme.<\/p>\r\n        <\/div>\r\n            <\/div>          \r\n    \r\n    \t\t\t\t<\/div>\n\t\t\t\t<\/div>\n\t\t\t\t<\/div>\n\t\t<div class=\"elementor-element elementor-element-410fc3c e-con-full e-flex e-con e-child\" data-id=\"410fc3c\" data-element_type=\"container\" data-e-type=\"container\">\n\t\t\t\t<div class=\"elementor-element elementor-element-6c3d4a3 elementor-widget elementor-widget-jobaway_form\" data-id=\"6c3d4a3\" data-element_type=\"widget\" data-e-type=\"widget\" data-widget_type=\"jobaway_form.default\">\n\t\t\t\t<div class=\"elementor-widget-container\">\n\t\t\t\t\t    \r\n        \r\n    \r\n\t\t        <!-- job-form-section -->\r\n        <section class=\"job-form-section dark-section p-0 m-0\">\r\n            \n<div class=\"wpcf7 no-js\" id=\"wpcf7-f2101-o1\" lang=\"en-US\" dir=\"ltr\" data-wpcf7-id=\"2101\">\n<div class=\"screen-reader-response\"><p role=\"status\" aria-live=\"polite\" aria-atomic=\"true\"><\/p> <ul><\/ul><\/div>\n<form action=\"\/index.php?rest_route=%2Fwp%2Fv2%2Fpages%2F2102#wpcf7-f2101-o1\" method=\"post\" class=\"wpcf7-form init\" aria-label=\"Contact form\" novalidate=\"novalidate\" data-status=\"init\">\n<fieldset class=\"hidden-fields-container\"><input type=\"hidden\" name=\"_wpcf7\" value=\"2101\" \/><input type=\"hidden\" name=\"_wpcf7_version\" value=\"6.1.5\" \/><input type=\"hidden\" name=\"_wpcf7_locale\" value=\"en_US\" \/><input type=\"hidden\" name=\"_wpcf7_unit_tag\" value=\"wpcf7-f2101-o1\" \/><input type=\"hidden\" name=\"_wpcf7_container_post\" value=\"0\" \/><input type=\"hidden\" name=\"_wpcf7_posted_data_hash\" value=\"\" \/>\n<\/fieldset>\n<div class=\"row clearfix\">\n\t<div class=\"col-lg-6 col-md-12 col-sm-12 form-column\">\n\t\t<div class=\"form-inner\">\n\t\t\t<div class=\"title-box\">\n\t\t\t\t<div class=\"icon-box\">\n\t\t\t\t\t<p><i class=\"icon-39\"><\/i>\n\t\t\t\t\t<\/p>\n\t\t\t\t<\/div>\n\t\t\t\t<h3>Basic Infomation\n\t\t\t\t<\/h3>\n\t\t\t\t<p>Please fill out your contact person details here.\n\t\t\t\t<\/p>\n\t\t\t<\/div>\n\t\t\t<div class=\"row clearfix\">\n\t\t\t\t<div class=\"col-lg-6 col-md-6 col-sm-12 form-group\">\n\t\t\t\t\t<p><span class=\"wpcf7-form-control-wrap\" data-name=\"text-231\"><input size=\"40\" maxlength=\"400\" class=\"wpcf7-form-control wpcf7-text wpcf7-validates-as-required\" aria-required=\"true\" aria-invalid=\"false\" placeholder=\"First Name\" value=\"\" type=\"text\" name=\"text-231\" \/><\/span>\n\t\t\t\t\t<\/p>\n\t\t\t\t<\/div>\n\t\t\t\t<div class=\"col-lg-6 col-md-6 col-sm-12 form-group\">\n\t\t\t\t\t<p><span class=\"wpcf7-form-control-wrap\" data-name=\"text-232\"><input size=\"40\" maxlength=\"400\" class=\"wpcf7-form-control wpcf7-text wpcf7-validates-as-required\" aria-required=\"true\" aria-invalid=\"false\" placeholder=\"Last Name\" value=\"\" type=\"text\" name=\"text-232\" \/><\/span>\n\t\t\t\t\t<\/p>\n\t\t\t\t<\/div>\n\t\t\t\t<div class=\"col-lg-6 col-md-6 col-sm-12 form-group\">\n\t\t\t\t\t<p><span class=\"wpcf7-form-control-wrap\" data-name=\"email-467\"><input size=\"40\" maxlength=\"400\" class=\"wpcf7-form-control wpcf7-email wpcf7-validates-as-required wpcf7-text wpcf7-validates-as-email\" aria-required=\"true\" aria-invalid=\"false\" placeholder=\"Email\" value=\"\" type=\"email\" name=\"email-467\" \/><\/span>\n\t\t\t\t\t<\/p>\n\t\t\t\t<\/div>\n\t\t\t\t<div class=\"col-lg-6 col-md-6 col-sm-12 form-group\">\n\t\t\t\t\t<p><span class=\"wpcf7-form-control-wrap\" data-name=\"text-233\"><input size=\"40\" maxlength=\"400\" class=\"wpcf7-form-control wpcf7-text wpcf7-validates-as-required\" aria-required=\"true\" aria-invalid=\"false\" placeholder=\"Phone\" value=\"\" type=\"text\" name=\"text-233\" \/><\/span>\n\t\t\t\t\t<\/p>\n\t\t\t\t<\/div>\n\t\t\t\t<div class=\"col-lg-12 col-md-12 col-sm-12 form-group\">\n\t\t\t\t\t<p><span class=\"wpcf7-form-control-wrap\" data-name=\"text-234\"><input size=\"40\" maxlength=\"400\" class=\"wpcf7-form-control wpcf7-text wpcf7-validates-as-required\" aria-required=\"true\" aria-invalid=\"false\" placeholder=\"Address\" value=\"\" type=\"text\" name=\"text-234\" \/><\/span>\n\t\t\t\t\t<\/p>\n\t\t\t\t<\/div>\n\t\t\t<\/div>\n\t\t<\/div>\n\t<\/div>\n\t<div class=\"col-lg-6 col-md-12 col-sm-12 form-column\">\n\t\t<div class=\"form-inner\">\n\t\t\t<div class=\"title-box\">\n\t\t\t\t<div class=\"icon-box\">\n\t\t\t\t\t<p><i class=\"icon-40\"><\/i>\n\t\t\t\t\t<\/p>\n\t\t\t\t<\/div>\n\t\t\t\t<h3>Qualification\n\t\t\t\t<\/h3>\n\t\t\t\t<p>Please fill out your contact person details here.\n\t\t\t\t<\/p>\n\t\t\t<\/div>\n\t\t\t<div class=\"row clearfix\">\n\t\t\t\t<div class=\"col-lg-6 col-md-6 col-sm-12 form-group\">\n\t\t\t\t\t<p><span class=\"wpcf7-form-control-wrap\" data-name=\"text-235\"><input size=\"40\" maxlength=\"400\" class=\"wpcf7-form-control wpcf7-text wpcf7-validates-as-required\" aria-required=\"true\" aria-invalid=\"false\" placeholder=\"Education\" value=\"\" type=\"text\" name=\"text-235\" \/><\/span>\n\t\t\t\t\t<\/p>\n\t\t\t\t<\/div>\n\t\t\t\t<div class=\"col-lg-6 col-md-6 col-sm-12 form-group\">\n\t\t\t\t\t<div class=\"select-box\">\n\t\t\t\t\t\t<p><span class=\"wpcf7-form-control-wrap\" data-name=\"menu-220\"><select class=\"wpcf7-form-control wpcf7-select wpcf7-validates-as-required wide\" aria-required=\"true\" aria-invalid=\"false\" name=\"menu-220\"><option value=\"Skills\">Skills<\/option><option value=\"Executive\">Executive<\/option><option value=\"Training\">Training<\/option><option value=\"Career\">Career<\/option><option value=\"Payroll\">Payroll<\/option><\/select><\/span>\n\t\t\t\t\t\t<\/p>\n\t\t\t\t\t<\/div>\n\t\t\t\t<\/div>\n\t\t\t\t<div class=\"col-lg-6 col-md-6 col-sm-12 form-group\">\n\t\t\t\t\t<p><span class=\"wpcf7-form-control-wrap\" data-name=\"text-236\"><input size=\"40\" maxlength=\"400\" class=\"wpcf7-form-control wpcf7-text wpcf7-validates-as-required\" aria-required=\"true\" aria-invalid=\"false\" placeholder=\"Experience\" value=\"\" type=\"text\" name=\"text-236\" \/><\/span>\n\t\t\t\t\t<\/p>\n\t\t\t\t<\/div>\n\t\t\t\t<div class=\"col-lg-6 col-md-6 col-sm-12 form-group\">\n\t\t\t\t\t<p><span class=\"wpcf7-form-control-wrap\" data-name=\"text-237\"><input size=\"40\" maxlength=\"400\" class=\"wpcf7-form-control wpcf7-text wpcf7-validates-as-required\" aria-required=\"true\" aria-invalid=\"false\" placeholder=\"Qualities\" value=\"\" type=\"text\" name=\"text-237\" \/><\/span>\n\t\t\t\t\t<\/p>\n\t\t\t\t<\/div>\n\t\t\t\t<div class=\"col-lg-6 col-md-6 col-sm-12 form-group\">\n\t\t\t\t\t<div class=\"upload-box\">\n\t\t\t\t\t\t<div class=\"icon-box\">\n\t\t\t\t\t\t\t<p><img decoding=\"async\" src=\"https:\/\/sept.hostlin.com\/newwp\/jobaway\/wp-content\/uploads\/2024\/07\/icon-24.png\" alt=\"Icon Image\" \/>\n\t\t\t\t\t\t\t<\/p>\n\t\t\t\t\t\t<\/div>\n\t\t\t\t\t\t<p><input name=\"files[]\" id=\"filer_input\" multiple=\"multiple\" type=\"file\" \/><button type=\"button\">Upload Photo<\/button>\n\t\t\t\t\t\t<\/p>\n\t\t\t\t\t<\/div>\n\t\t\t\t<\/div>\n\t\t\t<\/div>\n\t\t<\/div>\n\t<\/div>\n\t<div class=\"col-lg-12 col-md-12 col-sm-12 form-column\">\n\t\t<div class=\"form-inner\">\n\t\t\t<div class=\"form-group\">\n\t\t\t\t<p><span class=\"wpcf7-form-control-wrap\" data-name=\"textarea-742\"><textarea cols=\"40\" rows=\"10\" maxlength=\"2000\" class=\"wpcf7-form-control wpcf7-textarea wpcf7-validates-as-required\" aria-required=\"true\" aria-invalid=\"false\" placeholder=\"Additional Information...\" name=\"textarea-742\"><\/textarea><\/span>\n\t\t\t\t<\/p>\n\t\t\t<\/div>\n\t\t\t<div class=\"form-group message-btn centred\">\n\t\t\t\t<p><button type=\"submit\" class=\"theme-btn btn-one\">Apply For Job<\/button>\n\t\t\t\t<\/p>\n\t\t\t<\/div>\n\t\t<\/div>\n\t<\/div>\n<\/div><div class=\"wpcf7-response-output\" aria-hidden=\"true\"><\/div>\n<\/form>\n<\/div>\n        <\/section>\r\n        <!-- job-form-section end -->\r\n            \r\n    \r\n           \r\n    \t\t\t\t<\/div>\n\t\t\t\t<\/div>\n\t\t\t\t<\/div>\n\t\t\t\t\t<\/div>\n\t\t\t\t<\/div>\n\t\t\t\t<\/div>\n\t\t","protected":false},"excerpt":{"rendered":"<p>Na duhen talent\u00eb N\u00eb k\u00ebrkim t\u00eb profesionist\u00ebve t\u00eb talentuar Optivus Solutions \u00ebsht\u00eb gjithmon\u00eb n\u00eb k\u00ebrkim t\u00eb talent\u00ebve t\u00eb fushave t\u00eb ndryshme. Basic Infomation Please fill out your contact person details here. Qualification Please fill out your contact person details here. SkillsExecutiveTrainingCareerPayroll Upload Photo Apply For Job<\/p>\n","protected":false},"author":1,"featured_media":0,"parent":0,"menu_order":0,"comment_status":"closed","ping_status":"closed","template":"tpl-default-elementor.php","meta":{"footnotes":""},"class_list":["post-2102","page","type-page","status-publish","hentry"],"_links":{"self":[{"href":"https:\/\/optivus-solutions.com\/index.php?rest_route=\/wp\/v2\/pages\/2102","targetHints":{"allow":["GET"]}}],"collection":[{"href":"https:\/\/optivus-solutions.com\/index.php?rest_route=\/wp\/v2\/pages"}],"about":[{"href":"https:\/\/optivus-solutions.com\/index.php?rest_route=\/wp\/v2\/types\/page"}],"author":[{"embeddable":true,"href":"https:\/\/optivus-solutions.com\/index.php?rest_route=\/wp\/v2\/users\/1"}],"replies":[{"embeddable":true,"href":"https:\/\/optivus-solutions.com\/index.php?rest_route=%2Fwp%2Fv2%2Fcomments&post=2102"}],"version-history":[{"count":6,"href":"https:\/\/optivus-solutions.com\/index.php?rest_route=\/wp\/v2\/pages\/2102\/revisions"}],"predecessor-version":[{"id":2662,"href":"https:\/\/optivus-solutions.com\/index.php?rest_route=\/wp\/v2\/pages\/2102\/revisions\/2662"}],"wp:attachment":[{"href":"https:\/\/optivus-solutions.com\/index.php?rest_route=%2Fwp%2Fv2%2Fmedia&parent=2102"}],"curies":[{"name":"wp","href":"https:\/\/api.w.org\/{rel}","templated":true}]}}