{"id":2402,"date":"2024-08-06T10:38:13","date_gmt":"2024-08-06T10:38:13","guid":{"rendered":"http:\/\/july.finestwp.com\/newwp\/jobaway\/?page_id=2402"},"modified":"2025-11-03T16:59:46","modified_gmt":"2025-11-03T16:59:46","slug":"punet","status":"publish","type":"page","link":"https:\/\/optivus-solutions.com\/?page_id=2402","title":{"rendered":"Punet"},"content":{"rendered":"\t\t<div data-elementor-type=\"wp-page\" data-elementor-id=\"2402\" class=\"elementor elementor-2402\">\n\t\t\t\t<div class=\"elementor-element elementor-element-7d26a9b e-flex e-con-boxed e-con e-parent\" data-id=\"7d26a9b\" data-element_type=\"container\" data-e-type=\"container\">\n\t\t\t\t\t<div class=\"e-con-inner\">\n\t\t\t\t<div class=\"elementor-element elementor-element-fada8ab elementor-widget elementor-widget-jobaway_hero_title\" data-id=\"fada8ab\" data-element_type=\"widget\" data-e-type=\"widget\" data-widget_type=\"jobaway_hero_title.default\">\n\t\t\t\t<div class=\"elementor-widget-container\">\n\t\t\t\t\t    \r\n    <div class=\"sec-title build-title-wrap te-box-title sec-title-animation animation-style2\">\r\n        \t\t<span class=\"sub-title title-animation te-bn-subtitle\">Pun\u00ebt e publikuara<\/span>        \t\r\n        <h2 class=\"te-bn-title title-animation jobaway-size-default\">K\u00ebrko pun\u00ebn q\u00eb t\u00eb p\u00ebrshtatet<\/h2>            <\/div>          \r\n    \r\n    \t\t\t\t<\/div>\n\t\t\t\t<\/div>\n\t\t\t\t<div class=\"elementor-element elementor-element-d64a9db elementor-widget elementor-widget-jobaway_job_list\" data-id=\"d64a9db\" data-element_type=\"widget\" data-e-type=\"widget\" data-widget_type=\"jobaway_job_list.default\">\n\t\t\t\t<div class=\"elementor-widget-container\">\n\t\t\t\t\t        \r\n                <div class=\"job-block-one\">\r\n                        <div class=\"inner-box\">\r\n                <div class=\"title-box\">\r\n                    <div class=\"icon-box\"><i class=\"icon-44\"><\/i><\/div>\r\n                    <h3><a href=\"https:\/\/optivus-solutions.com\/?jobs=call-center\">Call Center &#8211; Outbound Terminierung<\/a><\/h3>\r\n                                        <span>\r\n\t\t\t\t\tPrishtin\u00eb                    <\/span>\r\n                                    <\/div>\r\n                \r\n\t\t\t\t                <div class=\"salary-box\">\r\n                    <h5>Paga<\/h5>\r\n                    <span>1350\u20ac NETO + Bonuse<\/span>\r\n                <\/div>\r\n                                \r\n                                <div class=\"experience-box\">\r\n                    <h5>Eksperienca e k\u00ebrkuar<\/h5>\r\n                    <span>+1 Vite<\/span>\r\n                <\/div>\r\n                                <div class=\"btn-box\">\r\n                    <a href=\"https:\/\/optivus-solutions.com\/?jobs=call-center\" class=\"theme-btn btn-one\"> Shiko pun\u00ebn<\/a>\r\n                <\/div>\r\n            <\/div>\r\n        <\/div>\r\n         \r\n        \r\n        \t\t\t\t<\/div>\n\t\t\t\t<\/div>\n\t\t\t\t\t<\/div>\n\t\t\t\t<\/div>\n\t\t<div class=\"elementor-element elementor-element-862f958 e-flex e-con-boxed e-con e-parent\" data-id=\"862f958\" data-element_type=\"container\" data-e-type=\"container\" data-settings=\"{&quot;background_background&quot;:&quot;classic&quot;}\">\n\t\t\t\t\t<div class=\"e-con-inner\">\n\t\t<div class=\"elementor-element elementor-element-0bbc755 e-con-full e-flex e-con e-child\" data-id=\"0bbc755\" data-element_type=\"container\" data-e-type=\"container\">\n\t\t\t\t<div class=\"elementor-element elementor-element-577635b elementor-widget elementor-widget-jobaway_hero_title\" data-id=\"577635b\" data-element_type=\"widget\" data-e-type=\"widget\" data-widget_type=\"jobaway_hero_title.default\">\n\t\t\t\t<div class=\"elementor-widget-container\">\n\t\t\t\t\t    \r\n    <div class=\"sec-title build-title-wrap te-box-title sec-title-animation animation-style2\">\r\n        \t\t<span class=\"sub-title title-animation te-bn-subtitle\">Mir\u00ebsevini n\u00eb Optivus Solutions<\/span>        \t\r\n        <h2 class=\"te-bn-title title-animation jobaway-size-default\">Platform\u00eb moderne e pun\u00ebsimit<\/h2>            <\/div>          \r\n    \r\n    \t\t\t\t<\/div>\n\t\t\t\t<\/div>\n\t\t\t\t<\/div>\n\t\t<div class=\"elementor-element elementor-element-9614c79 e-con-full e-flex e-con e-child\" data-id=\"9614c79\" data-element_type=\"container\" data-e-type=\"container\">\n\t\t\t\t<div class=\"elementor-element elementor-element-24cdddc elementor-widget elementor-widget-jobaway_process_tab\" data-id=\"24cdddc\" data-element_type=\"widget\" data-e-type=\"widget\" data-widget_type=\"jobaway_process_tab.default\">\n\t\t\t\t<div class=\"elementor-widget-container\">\n\t\t\t\t\t    \r\n        \r\n    <!-- process-section -->\r\n    <section class=\"welcome-section alternat-2 p-0 m-0\">\r\n        <div class=\"tabs-box\">\r\n            <ul class=\"tab-btns tab-buttons\">\r\n                                <li class=\"tab-btn active-btn\" data-tab=\"#tab-3\">\r\n                \t<i class=\"far fa-user\"><\/i>P\u00ebr talenta si ti                <\/li>\r\n                                            <\/ul>\r\n            <div class=\"tabs-content\">\r\n                <div class=\"tab active-tab\" id=\"tab-3\">\r\n                    <div class=\"inner-container\">\r\n                        <div class=\"row clearfix\">\r\n                            <div class=\"col-lg-6 col-md-12 col-sm-12 content-column\">\r\n                                <div class=\"content-box\">\r\n                                                                        <div class=\"text-box mb_40\">\r\n                                        <h2>Platforma lidere e pun\u00ebsimit<\/h2>                                        <p>Optivus Solutions ofron bashk\u00ebpunim profesional p\u00ebr t\u00eb afruar talent\u00ebt me bizneset, me q\u00ebllim t\u00eb pun\u00ebsimit!<\/p>                                    <\/div>\r\n                                                                        <div class=\"inner-box clearfix\">\r\n                                                                                <div class=\"single-item\">\r\n                                            <div class=\"icon-box\"><i class=\" icon-29\"><\/i><\/div>\r\n                                            <h3><a href=\"#\"  target=&quot;_blank&quot;  rel=&quot;nofollow&quot;>Mb\u00ebshtetje ndaj talent\u00ebve<\/a><\/h3>\r\n                                            <span>Ne kemi p\u00ebr q\u00ebllim mb\u00ebshtetjen maksimale ndaj jush.<\/span>\r\n                                        <\/div>\r\n                                                                                <div class=\"single-item\">\r\n                                            <div class=\"icon-box\"><i class=\" icon-30\"><\/i><\/div>\r\n                                            <h3><a href=\"#\"  target=&quot;_blank&quot;  rel=&quot;nofollow&quot;>P\u00ebrdorues t\u00eb k\u00ebnaqur<\/a><\/h3>\r\n                                            <span>P\u00ebrdoruesit e platform\u00ebs son\u00eb jan\u00eb shum\u00eb t\u00eb k\u00ebnaqur.<\/span>\r\n                                        <\/div>\r\n                                                                            <\/div>\r\n                                <\/div>\r\n                            <\/div>\r\n                            <div class=\"col-lg-6 col-md-12 col-sm-12 image-column\">\r\n                                <div class=\"image_block_one\">\r\n                                    <div class=\"image-box pl_65\">\r\n                                        <div class=\"row clearfix\">\r\n                                            <div class=\"col-lg-6 col-md-6 col-sm-12 single-column\">\r\n                                                <div class=\"single-item\">\r\n                                                                                                        <figure class=\"image-1 mb_16 image-hov-one\"><img decoding=\"async\" src=\"https:\/\/optivus-solutions.com\/wp-content\/uploads\/2024\/07\/welcome-1-1.jpg\" alt=\"Optivus Solutions\"><\/figure>\r\n                                                    \t\t\t\t\t\t\t\t\t\t\t\t\t                                                    <div class=\"experience-box\">\r\n                                                        <h3>4<\/h3>                                                        <h4>Vite eksperienc\u00eb<\/h4>                                                    <\/div>\r\n                                                                                                    <\/div>\r\n                                            <\/div>\r\n                                            <div class=\"col-lg-6 col-md-6 col-sm-12 single-column\">\r\n                                                <div class=\"single-item\">\r\n                                                    <div class=\"support-box\">\r\n                                                        <div class=\"icon-box\"><i class=\" icon-28\"><\/i><\/div>\r\n                                                        <span>Telefono<\/span>\r\n                                                        <h4><a href=\"tel:+383 49 477 524\">+383 49 477 524<\/a><\/h4>\r\n                                                    <\/div>\r\n                                                                                                        <figure class=\"image-2 mt_16 image-hov-two\"><img decoding=\"async\" src=\"https:\/\/optivus-solutions.com\/wp-content\/uploads\/2024\/07\/welcome-2-1.jpg\" alt=\"Optivus Solutions\"><\/figure>\r\n                                                \t                                                <\/div>\r\n                                            <\/div>\r\n                                        <\/div>\r\n                                    <\/div>\r\n                                <\/div>\r\n                        \t<\/div>\t\t\t\t\r\n                        <\/div>\r\n                    <\/div>\r\n                <\/div>\r\n                <div class=\"tab\" id=\"tab-4\">\r\n                    <div class=\"inner-container\">\r\n                        <div class=\"row clearfix\">\r\n                            <div class=\"col-lg-6 col-md-12 col-sm-12 content-column\">\r\n                                <div class=\"content-box\">\r\n                                                                        <div class=\"text-box mb_40\">\r\n                                        <h2>An Award Winning Hiring Agency for <span>12 years<\/span><\/h2>                                        <p>Voted the fastest solution to implement the easiest to administer your employee &amp; business.<\/p>                                    <\/div>\r\n                                                                        <div class=\"inner-box clearfix\">\r\n                                                                                <div class=\"single-item\">\r\n                                            <div class=\"icon-box\"><i class=\" icon-29\"><\/i><\/div>\r\n                                            <h3><a href=\"#\"  target=&quot;_blank&quot;  rel=&quot;nofollow&quot;>Easiest Admin<\/a><\/h3>\r\n                                            <span>Fall 2023<\/span>\r\n                                        <\/div>\r\n                                                                                <div class=\"single-item\">\r\n                                            <div class=\"icon-box\"><i class=\" icon-30\"><\/i><\/div>\r\n                                            <h3><a href=\"#\"  target=&quot;_blank&quot;  rel=&quot;nofollow&quot;>Users love Us<\/a><\/h3>\r\n                                            <span>Winter 2023<\/span>\r\n                                        <\/div>\r\n                                                                                <div class=\"single-item\">\r\n                                            <div class=\"icon-box\"><i class=\" icon-31\"><\/i><\/div>\r\n                                            <h3><a href=\"#\"  target=&quot;_blank&quot;  rel=&quot;nofollow&quot;>Leader<\/a><\/h3>\r\n                                            <span>Winter 2023<\/span>\r\n                                        <\/div>\r\n                                                                                <div class=\"single-item\">\r\n                                            <div class=\"icon-box\"><i class=\" icon-32\"><\/i><\/div>\r\n                                            <h3><a href=\"#\"  target=&quot;_blank&quot;  rel=&quot;nofollow&quot;>Best support<\/a><\/h3>\r\n                                            <span>Winter 2023<\/span>\r\n                                        <\/div>\r\n                                                                            <\/div>\r\n                                <\/div>\r\n                            <\/div>\r\n                            <div class=\"col-lg-6 col-md-12 col-sm-12 image-column\">\r\n                                <div class=\"image_block_one\">\r\n                                    <div class=\"image-box pl_65\">\r\n                                        <div class=\"row clearfix\">\r\n                                            <div class=\"col-lg-6 col-md-6 col-sm-12 single-column\">\r\n                                                <div class=\"single-item\">\r\n                                                                                                        <figure class=\"image-1 mb_16 image-hov-one\"><img decoding=\"async\" src=\"https:\/\/optivus-solutions.com\/wp-content\/uploads\/2024\/07\/welcome-1-1.jpg\" alt=\"Optivus Solutions\"><\/figure>\r\n                                                    \t\t\t\t\t\t\t\t\t\t\t\t\t                                                    <div class=\"experience-box\">\r\n                                                        <h3>12<\/h3>                                                        <h4>Year of Experience<\/h4>                                                    <\/div>\r\n                                                                                                    <\/div>\r\n                                            <\/div>\r\n                                            <div class=\"col-lg-6 col-md-6 col-sm-12 single-column\">\r\n                                                <div class=\"single-item\">\r\n                                                    <div class=\"support-box\">\r\n                                                        <div class=\"icon-box\"><i class=\" icon-28\"><\/i><\/div>\r\n                                                        <span>Online Support<\/span>\r\n                                                        <h4><a href=\"tel:+912-(116)-889\">+912-(116)-889<\/a><\/h4>\r\n                                                    <\/div>\r\n                                                                                                        <figure class=\"image-2 mt_16 image-hov-two\"><img decoding=\"async\" src=\"https:\/\/optivus-solutions.com\/wp-content\/uploads\/2024\/07\/welcome-2-1.jpg\" alt=\"Optivus Solutions\"><\/figure>\r\n                                                \t                                                <\/div>\r\n                                            <\/div>\r\n                                        <\/div>\r\n                                    <\/div>\r\n                                <\/div>\r\n                        \t<\/div>\t\t\t\t\r\n                        <\/div>\r\n                    <\/div>\r\n                <\/div>\r\n            <\/div>\r\n        <\/div>\r\n    <\/section>\r\n    <!-- process-section -->\r\n    \r\n            \t\t\t\t<\/div>\n\t\t\t\t<\/div>\n\t\t\t\t<\/div>\n\t\t\t\t\t<\/div>\n\t\t\t\t<\/div>\n\t\t\t\t<\/div>\n\t\t","protected":false},"excerpt":{"rendered":"<p>Pun\u00ebt e publikuara K\u00ebrko pun\u00ebn q\u00eb t\u00eb p\u00ebrshtatet Call Center &#8211; Outbound Terminierung Prishtin\u00eb Paga 1350\u20ac NETO + Bonuse Eksperienca e k\u00ebrkuar +1 Vite Shiko pun\u00ebn Mir\u00ebsevini n\u00eb Optivus Solutions Platform\u00eb moderne e pun\u00ebsimit P\u00ebr talenta si ti Platforma lidere e pun\u00ebsimit Optivus Solutions ofron bashk\u00ebpunim profesional p\u00ebr t\u00eb afruar talent\u00ebt me bizneset, me q\u00ebllim [&hellip;]<\/p>\n","protected":false},"author":1,"featured_media":0,"parent":0,"menu_order":0,"comment_status":"closed","ping_status":"closed","template":"tpl-default-elementor.php","meta":{"footnotes":""},"class_list":["post-2402","page","type-page","status-publish","hentry"],"_links":{"self":[{"href":"https:\/\/optivus-solutions.com\/index.php?rest_route=\/wp\/v2\/pages\/2402","targetHints":{"allow":["GET"]}}],"collection":[{"href":"https:\/\/optivus-solutions.com\/index.php?rest_route=\/wp\/v2\/pages"}],"about":[{"href":"https:\/\/optivus-solutions.com\/index.php?rest_route=\/wp\/v2\/types\/page"}],"author":[{"embeddable":true,"href":"https:\/\/optivus-solutions.com\/index.php?rest_route=\/wp\/v2\/users\/1"}],"replies":[{"embeddable":true,"href":"https:\/\/optivus-solutions.com\/index.php?rest_route=%2Fwp%2Fv2%2Fcomments&post=2402"}],"version-history":[{"count":11,"href":"https:\/\/optivus-solutions.com\/index.php?rest_route=\/wp\/v2\/pages\/2402\/revisions"}],"predecessor-version":[{"id":2705,"href":"https:\/\/optivus-solutions.com\/index.php?rest_route=\/wp\/v2\/pages\/2402\/revisions\/2705"}],"wp:attachment":[{"href":"https:\/\/optivus-solutions.com\/index.php?rest_route=%2Fwp%2Fv2%2Fmedia&parent=2402"}],"curies":[{"name":"wp","href":"https:\/\/api.w.org\/{rel}","templated":true}]}}