{"id":2487,"date":"2024-07-09T11:53:32","date_gmt":"2024-07-09T11:53:32","guid":{"rendered":"http:\/\/july.finestwp.com\/newwp\/jobaway\/?page_id=29"},"modified":"2025-11-03T16:59:09","modified_gmt":"2025-11-03T16:59:09","slug":"about-us","status":"publish","type":"page","link":"https:\/\/optivus-solutions.com\/?page_id=2487","title":{"rendered":"Rreth Nesh"},"content":{"rendered":"\t\t<div data-elementor-type=\"wp-page\" data-elementor-id=\"2487\" class=\"elementor elementor-2487\">\n\t\t\t\t<div class=\"elementor-element elementor-element-aba8ac4 e-flex e-con-boxed e-con e-parent\" data-id=\"aba8ac4\" data-element_type=\"container\" data-e-type=\"container\">\n\t\t\t\t\t<div class=\"e-con-inner\">\n\t\t<div class=\"elementor-element elementor-element-4e334fd e-con-full e-flex e-con e-child\" data-id=\"4e334fd\" data-element_type=\"container\" data-e-type=\"container\">\n\t\t<div class=\"elementor-element elementor-element-f03f5c2 e-con-full e-flex e-con e-child\" data-id=\"f03f5c2\" data-element_type=\"container\" data-e-type=\"container\">\n\t\t\t\t<div class=\"elementor-element elementor-element-631fdfb elementor-widget elementor-widget-jobaway_float_image\" data-id=\"631fdfb\" data-element_type=\"widget\" data-e-type=\"widget\" data-widget_type=\"jobaway_float_image.default\">\n\t\t\t\t<div class=\"elementor-widget-container\">\n\t\t\t\t\t        \r\n    <div class=\"image_block_two\">\r\n        <div class=\"image-inner\">\r\n                        <div class=\"image-box mr_15\">\r\n                <figure class=\"image image-1 mb_15\"><img decoding=\"async\" src=\"https:\/\/optivus-solutions.com\/wp-content\/uploads\/2024\/07\/about-3-1.jpg\" alt=\"Optivus Solutions\"><\/figure>                <figure class=\"image image-2\"><img decoding=\"async\" src=\"https:\/\/optivus-solutions.com\/wp-content\/uploads\/2024\/07\/about-4-1.jpg\" alt=\"Optivus Solutions\"><\/figure>            <\/div>\r\n                                    <div class=\"image-box\">\r\n                <figure class=\"image image-3 mb_15\"><img decoding=\"async\" src=\"https:\/\/optivus-solutions.com\/wp-content\/uploads\/2024\/07\/about-5-1.jpg\" alt=\"Optivus Solutions\"><\/figure>                <figure class=\"image image-4\"><img decoding=\"async\" src=\"https:\/\/optivus-solutions.com\/wp-content\/uploads\/2024\/07\/about-6-1.jpg\" alt=\"Optivus Solutions\"><\/figure>            <\/div>\r\n                        <div class=\"support-box\">\r\n                <div class=\"icon-box\">\r\n                \t                        <i class=\" icon-28\"><\/i>                                    <\/div>\r\n                <span>Na telefononi tani<\/span>                <h4><a href=\"tel:+383 49 477 524\">+383 49 477 524<\/a><\/h4>            <\/div>\r\n        <\/div>\r\n    <\/div>\r\n        \r\n    \t\t\t\t<\/div>\n\t\t\t\t<\/div>\n\t\t\t\t<\/div>\n\t\t<div class=\"elementor-element elementor-element-5403698 e-con-full e-flex e-con e-child\" data-id=\"5403698\" data-element_type=\"container\" data-e-type=\"container\">\n\t\t\t\t<div class=\"elementor-element elementor-element-ec401bb elementor-widget elementor-widget-jobaway_hero_title\" data-id=\"ec401bb\" data-element_type=\"widget\" data-e-type=\"widget\" data-widget_type=\"jobaway_hero_title.default\">\n\t\t\t\t<div class=\"elementor-widget-container\">\n\t\t\t\t\t    \r\n    <div class=\"sec-title build-title-wrap te-box-title sec-title-animation animation-style2\">\r\n        \t\t<span class=\"sub-title title-animation te-bn-subtitle\">Rreth Nesh<\/span>        \t\r\n        <h2 class=\"te-bn-title title-animation jobaway-size-default\">Platforma m\u00eb e mir\u00eb <br> p\u00ebr <span>pun\u00ebsim<\/span><\/h2>                <div class=\"text-box te-bn-text\">\r\n            <p><p>Voted the fastest solution to implement the easiest to administer your employee &amp; business.<\/p><\/p>\r\n        <\/div>\r\n            <\/div>          \r\n    \r\n    \t\t\t\t<\/div>\n\t\t\t\t<\/div>\n\t\t<div class=\"elementor-element elementor-element-9a31b04 e-con-full e-flex e-con e-child\" data-id=\"9a31b04\" data-element_type=\"container\" data-e-type=\"container\">\n\t\t\t\t<div class=\"elementor-element elementor-element-b8b3359 elementor-widget elementor-widget-jobaway_feature_services\" data-id=\"b8b3359\" data-element_type=\"widget\" data-e-type=\"widget\" data-widget_type=\"jobaway_feature_services.default\">\n\t\t\t\t<div class=\"elementor-widget-container\">\n\t\t\t\t\t    \r\n\t\t\r\n    <div class=\"content_block_five\">\r\n        <div class=\"content-box\">\r\n            <div class=\"inner-box clearfix\">\r\n                                <div class=\"single-item\">\r\n                    <div class=\"icon-box\">\r\n                    \t                            <i class=\" icon-29\"><\/i>                                            <\/div>\r\n                    <h4><a href=\"#\"  target=&quot;_blank&quot;  rel=&quot;nofollow&quot;>Mb\u00ebshtetje ndaj talent\u00ebve<\/a><\/h4>\r\n                    <span>Ne kemi p\u00ebr q\u00ebllim mb\u00ebshtetjen maksimale ndaj talent\u00ebve.<\/span>\r\n                <\/div>\r\n                                <div class=\"single-item\">\r\n                    <div class=\"icon-box\">\r\n                    \t                            <i class=\" icon-30\"><\/i>                                            <\/div>\r\n                    <h4><a href=\"#\"  target=&quot;_blank&quot;  rel=&quot;nofollow&quot;>P\u00ebrdorues t\u00eb k\u00ebnaqur<\/a><\/h4>\r\n                    <span>P\u00ebrdoruesit e platform\u00ebs son\u00eb jan\u00eb shum\u00eb t\u00eb k\u00ebnaqur.<\/span>\r\n                <\/div>\r\n                            <\/div>\r\n        <\/div>\r\n    <\/div>\r\n    \r\n\t \r\n    \t\t\t\t<\/div>\n\t\t\t\t<\/div>\n\t\t\t\t<\/div>\n\t\t\t\t<\/div>\n\t\t\t\t<\/div>\n\t\t\t\t\t<\/div>\n\t\t\t\t<\/div>\n\t\t<div class=\"elementor-element elementor-element-30dd752 e-flex e-con-boxed e-con e-parent\" data-id=\"30dd752\" data-element_type=\"container\" data-e-type=\"container\" data-settings=\"{&quot;background_background&quot;:&quot;classic&quot;}\">\n\t\t\t\t\t<div class=\"e-con-inner\">\n\t\t<div class=\"elementor-element elementor-element-1e609cd e-con-full e-flex e-con e-child\" data-id=\"1e609cd\" data-element_type=\"container\" data-e-type=\"container\">\n\t\t\t\t<div class=\"elementor-element elementor-element-a831550 elementor-widget elementor-widget-jobaway_hero_title\" data-id=\"a831550\" data-element_type=\"widget\" data-e-type=\"widget\" data-widget_type=\"jobaway_hero_title.default\">\n\t\t\t\t<div class=\"elementor-widget-container\">\n\t\t\t\t\t    \r\n    <div class=\"sec-title build-title-wrap te-box-title sec-title-animation animation-style2\">\r\n        \t\t<span class=\"sub-title title-animation te-bn-subtitle\">PSe optivus?<\/span>        \t\r\n        <h2 class=\"te-bn-title title-animation jobaway-size-default\">Pse t\u00eb zgjidhni Optivus Solutions?<\/h2>            <\/div>          \r\n    \r\n    \t\t\t\t<\/div>\n\t\t\t\t<\/div>\n\t\t\t\t<\/div>\n\t\t<div class=\"elementor-element elementor-element-f3a9f28 e-con-full e-flex e-con e-child\" data-id=\"f3a9f28\" data-element_type=\"container\" data-e-type=\"container\">\n\t\t<div class=\"elementor-element elementor-element-7a09624 e-con-full e-flex e-con e-child\" data-id=\"7a09624\" data-element_type=\"container\" data-e-type=\"container\">\n\t\t\t\t<div class=\"elementor-element elementor-element-5b4f71a elementor-widget elementor-widget-jobaway_service_card\" data-id=\"5b4f71a\" data-element_type=\"widget\" data-e-type=\"widget\" data-widget_type=\"jobaway_service_card.default\">\n\t\t\t\t<div class=\"elementor-widget-container\">\n\t\t\t\t\t    \r\n\t    \r\n    <div class=\"chooseus-block-one\">\r\n        <div class=\"inner-box\">\r\n            <div class=\"icon-box\">\r\n            \t                    <i class=\" icon-4\"><\/i>                            <\/div>\r\n                        <h3><a href=\"#\"  target=&quot;_blank&quot;  rel=&quot;nofollow&quot;>Zgjedhim Talent\u00ebt<\/a><\/h3>\r\n                        <p>Ofrimi i rrug\u00ebve t\u00eb qarta t\u00eb karrier\u00ebs dhe mund\u00ebsive t\u00eb rritjes \u00ebsht\u00eb \u00e7el\u00ebsi p\u00ebr t\u00eb mbajtur talent\u00ebt.<\/p>                    <\/div>\r\n    <\/div>\r\n        \t\r\n    \t\t\r\n     \t\t\t\t<\/div>\n\t\t\t\t<\/div>\n\t\t\t\t<\/div>\n\t\t<div class=\"elementor-element elementor-element-3c11f43 e-con-full e-flex e-con e-child\" data-id=\"3c11f43\" data-element_type=\"container\" data-e-type=\"container\">\n\t\t\t\t<div class=\"elementor-element elementor-element-bba9d5b elementor-widget elementor-widget-jobaway_service_card\" data-id=\"bba9d5b\" data-element_type=\"widget\" data-e-type=\"widget\" data-widget_type=\"jobaway_service_card.default\">\n\t\t\t\t<div class=\"elementor-widget-container\">\n\t\t\t\t\t    \r\n\t    \r\n    <div class=\"chooseus-block-one\">\r\n        <div class=\"inner-box\">\r\n            <div class=\"icon-box\">\r\n            \t                    <i class=\" icon-5\"><\/i>                            <\/div>\r\n                        <h3><a href=\"#\"  target=&quot;_blank&quot;  rel=&quot;nofollow&quot;>Q\u00ebndrojm\u00eb n\u00eb kontakt<\/a><\/h3>\r\n                        <p>Nga momenti i pranimit t\u00eb CV-s\u00eb tuaj, ne mbetemi n\u00eb kontakt t\u00eb vazhduesh\u00ebm me ju dhe bizneset tona bashk\u00ebpunuese.<\/p>                    <\/div>\r\n    <\/div>\r\n        \t\r\n    \t\t\r\n     \t\t\t\t<\/div>\n\t\t\t\t<\/div>\n\t\t\t\t<\/div>\n\t\t<div class=\"elementor-element elementor-element-a007104 e-con-full e-flex e-con e-child\" data-id=\"a007104\" data-element_type=\"container\" data-e-type=\"container\">\n\t\t\t\t<div class=\"elementor-element elementor-element-f90d79c elementor-widget elementor-widget-jobaway_service_card\" data-id=\"f90d79c\" data-element_type=\"widget\" data-e-type=\"widget\" data-widget_type=\"jobaway_service_card.default\">\n\t\t\t\t<div class=\"elementor-widget-container\">\n\t\t\t\t\t    \r\n\t    \r\n    <div class=\"chooseus-block-one\">\r\n        <div class=\"inner-box\">\r\n            <div class=\"icon-box\">\r\n            \t                    <i class=\" icon-6\"><\/i>                            <\/div>\r\n                        <h3><a href=\"#\"  target=&quot;_blank&quot;  rel=&quot;nofollow&quot;>Krijojm\u00eb kontakte vazhdimisht<\/a><\/h3>\r\n                        <p>Ne krijojm\u00eb kontakte me t\u00eb gjith\u00eb, n\u00eb m\u00ebnyr\u00eb q\u00eb t'iu sh\u00ebrbejm\u00eb t\u00eb gjith\u00ebve, at\u00ebher\u00eb kur kan\u00eb m\u00eb s\u00eb shumti nevoj\u00eb!<\/p>                    <\/div>\r\n    <\/div>\r\n        \t\r\n    \t\t\r\n     \t\t\t\t<\/div>\n\t\t\t\t<\/div>\n\t\t\t\t<\/div>\n\t\t\t\t<\/div>\n\t\t\t\t\t<\/div>\n\t\t\t\t<\/div>\n\t\t\t\t<\/div>\n\t\t","protected":false},"excerpt":{"rendered":"<p>Na telefononi tani +383 49 477 524 Rreth Nesh Platforma m\u00eb e mir\u00eb p\u00ebr pun\u00ebsim Voted the fastest solution to implement the easiest to administer your employee &amp; business. Mb\u00ebshtetje ndaj talent\u00ebve Ne kemi p\u00ebr q\u00ebllim mb\u00ebshtetjen maksimale ndaj talent\u00ebve. P\u00ebrdorues t\u00eb k\u00ebnaqur P\u00ebrdoruesit e platform\u00ebs son\u00eb jan\u00eb shum\u00eb t\u00eb k\u00ebnaqur. PSe optivus? Pse t\u00eb [&hellip;]<\/p>\n","protected":false},"author":1,"featured_media":0,"parent":0,"menu_order":0,"comment_status":"closed","ping_status":"closed","template":"tpl-default-elementor.php","meta":{"footnotes":""},"class_list":["post-2487","page","type-page","status-publish","hentry"],"_links":{"self":[{"href":"https:\/\/optivus-solutions.com\/index.php?rest_route=\/wp\/v2\/pages\/2487","targetHints":{"allow":["GET"]}}],"collection":[{"href":"https:\/\/optivus-solutions.com\/index.php?rest_route=\/wp\/v2\/pages"}],"about":[{"href":"https:\/\/optivus-solutions.com\/index.php?rest_route=\/wp\/v2\/types\/page"}],"author":[{"embeddable":true,"href":"https:\/\/optivus-solutions.com\/index.php?rest_route=\/wp\/v2\/users\/1"}],"replies":[{"embeddable":true,"href":"https:\/\/optivus-solutions.com\/index.php?rest_route=%2Fwp%2Fv2%2Fcomments&post=2487"}],"version-history":[{"count":17,"href":"https:\/\/optivus-solutions.com\/index.php?rest_route=\/wp\/v2\/pages\/2487\/revisions"}],"predecessor-version":[{"id":2702,"href":"https:\/\/optivus-solutions.com\/index.php?rest_route=\/wp\/v2\/pages\/2487\/revisions\/2702"}],"wp:attachment":[{"href":"https:\/\/optivus-solutions.com\/index.php?rest_route=%2Fwp%2Fv2%2Fmedia&parent=2487"}],"curies":[{"name":"wp","href":"https:\/\/api.w.org\/{rel}","templated":true}]}}